{"id":605,"date":"2016-02-19T18:15:28","date_gmt":"2016-02-19T17:15:28","guid":{"rendered":"http:\/\/www.bengt-thomson.de\/WORDPRESS\/en\/?page_id=605"},"modified":"2024-01-18T14:16:39","modified_gmt":"2024-01-18T13:16:39","slug":"links","status":"publish","type":"page","link":"https:\/\/www.bengt-thomson.de\/en\/contact\/links\/","title":{"rendered":"Links"},"content":{"rendered":"\n<p>I listed a few links to websites that could be helpful:<\/p>\n\n\n\n<p class=\"has-text-align-center\"><a href=\"http:\/\/www.damien-wynne.de\" target=\"_blank\" rel=\"noopener\">www.damien-wynne.de<\/a><\/p>\n\n\n\n<p class=\"has-text-align-center\"><a href=\"http:\/\/www.Pen-yang.de\" target=\"_blank\" rel=\"noopener\">www.Pen-yang.de<\/a><\/p>\n\n\n\n<p class=\"has-text-align-center\"><a href=\"http:\/\/www.larene-thomson.de\" target=\"_blank\" rel=\"noopener\">www.larene-thomson.de <\/a><\/p>\n\n\n\n<div style=\"height:20px\" aria-hidden=\"true\" class=\"wp-block-spacer\"><\/div>\n\n\n\n<p>Unser Angebot enth\u00e4lt Links zu externen Webseiten Dritter, auf deren Inhalte wir keinen Einfluss haben. Deshalb k\u00f6nnen wir f\u00fcr diese fremden Inhalte auch keine Gew\u00e4hr \u00fcbernehmen. F\u00fcr die Inhalte der verlinkten Seiten ist stets der jeweilige Anbieter oder Betreiber der Seiten verantwortlich.<\/p>\n","protected":false},"excerpt":{"rendered":"<p>I listed a few links to websites that could be helpful: www.damien-wynne.de www.Pen-yang.de www.larene-thomson.de Unser Angebot enth\u00e4lt Links zu externen Webseiten Dritter, auf deren Inhalte wir keinen Einfluss haben. Deshalb k\u00f6nnen wir f\u00fcr diese fremden Inhalte auch keine Gew\u00e4hr \u00fcbernehmen. F\u00fcr die Inhalte der verlinkten Seiten ist stets der jeweilige Anbieter oder Betreiber der Seiten &#8230; <a title=\"Links\" class=\"read-more\" href=\"https:\/\/www.bengt-thomson.de\/en\/contact\/links\/\" aria-label=\"Read more about Links\">Read more<\/a><\/p>\n","protected":false},"author":1,"featured_media":0,"parent":567,"menu_order":0,"comment_status":"closed","ping_status":"closed","template":"page-full.php","meta":{"footnotes":""},"class_list":["post-605","page","type-page","status-publish"],"_links":{"self":[{"href":"https:\/\/www.bengt-thomson.de\/en\/wp-json\/wp\/v2\/pages\/605","targetHints":{"allow":["GET"]}}],"collection":[{"href":"https:\/\/www.bengt-thomson.de\/en\/wp-json\/wp\/v2\/pages"}],"about":[{"href":"https:\/\/www.bengt-thomson.de\/en\/wp-json\/wp\/v2\/types\/page"}],"author":[{"embeddable":true,"href":"https:\/\/www.bengt-thomson.de\/en\/wp-json\/wp\/v2\/users\/1"}],"replies":[{"embeddable":true,"href":"https:\/\/www.bengt-thomson.de\/en\/wp-json\/wp\/v2\/comments?post=605"}],"version-history":[{"count":2,"href":"https:\/\/www.bengt-thomson.de\/en\/wp-json\/wp\/v2\/pages\/605\/revisions"}],"predecessor-version":[{"id":1802,"href":"https:\/\/www.bengt-thomson.de\/en\/wp-json\/wp\/v2\/pages\/605\/revisions\/1802"}],"up":[{"embeddable":true,"href":"https:\/\/www.bengt-thomson.de\/en\/wp-json\/wp\/v2\/pages\/567"}],"wp:attachment":[{"href":"https:\/\/www.bengt-thomson.de\/en\/wp-json\/wp\/v2\/media?parent=605"}],"curies":[{"name":"wp","href":"https:\/\/api.w.org\/{rel}","templated":true}]}}