{"id":603,"date":"2016-02-19T18:13:54","date_gmt":"2016-02-19T17:13:54","guid":{"rendered":"http:\/\/www.bengt-thomson.de\/WORDPRESS\/en\/?page_id=603"},"modified":"2016-02-19T18:13:54","modified_gmt":"2016-02-19T17:13:54","slug":"datenschutz","status":"publish","type":"page","link":"https:\/\/www.bengt-thomson.de\/en\/contact\/datenschutz\/","title":{"rendered":"Datenschutz"},"content":{"rendered":"<p style=\"text-align: justify;\"><strong>Haftung f\u00fcr Inhalte<\/strong><\/p>\n<p style=\"text-align: justify;\">Die Erstellung der Inhalte dieser Webseite erfolgte mit gr\u00f6\u00dftm\u00f6glicher Sorgfalt. Allerdings k\u00f6nnen wir keine Gew\u00e4hr f\u00fcr die Vollst\u00e4ndigkeit der bereitgestellten Inhalte, ihre Aktualit\u00e4t sowie Richtigkeit \u00fcbernehmen. Gem. \u00a7\u00a7 8 &#8211; 10 TMG trifft uns als Dienstanbieter keine Pflicht, fremde Informationen, die \u00fcbermittelt oder gespeichert wurden, zu \u00fcberwachen oder nach Anhaltspunkten und Umst\u00e4nden zu forschen, die die Rechtswidrigkeit von T\u00e4tigkeiten und Informationen indizieren. Eine Verpflichtung unsererseits zur Nutzungssperrung von Inhalten im Rahmen der allgemeinen Gesetze bleibt hiervon stets unber\u00fchrt. Diese Haftung kommt jedoch erst im Moment der Kenntnisnahme einer konkreten Verletzung von Rechten in Frage. Sollten uns Rechtsverletzungen bekannt werden, so sind die entsprechenden Inhalte von uns unverz\u00fcglich zu entfernen. Unsere Haftung f\u00fcr eigene Inhalte richtet sich, als Dienstanbieter, nach den allgemeinen Gesetzen.<\/p>\n<p style=\"text-align: justify;\"><strong>Haftung f\u00fcr Links<\/strong><\/p>\n<p style=\"text-align: justify;\">Diese Webseite beinhaltet Verlinkungen zu Webseiten Dritter &#8211; sog. externe Links. Die Inhalte dieser externen Links entziehen sich unserer Einflussnahme, sodass eine Gew\u00e4hr f\u00fcr solche Inhalte unsererseits nicht \u00fcbernommen wird. Die Verantwortung liegt stets beim jeweiligen Betreiber der externen Seiten. Zum Zeitpunkt der Verkn\u00fcpfung der externen Links waren keine Rechtsverst\u00f6\u00dfe ersichtlich. Die permanente \u00dcberwachung fremder Inhalte auf Rechtsverst\u00f6\u00dfe ohne konkrete Hinweise ist uns nicht zumutbar. Sollten wir Kenntnis von\u00a0Rechtsverletzungen erlangen, werden wir die entsprechenden externen Links unverz\u00fcglich entfernen.<\/p>\n<p style=\"text-align: justify;\"><strong>Urheberrecht\/Leistungsschutzrecht<\/strong><\/p>\n<p style=\"text-align: justify;\">Auf die vom Anbieter auf dieser Seite ver\u00f6ffentlichten Inhalte findet das deutsche Urheber und Leistungsschutzrecht Anwendung. Sofern die Vervielf\u00e4ltigung, Bearbeitung, Verbreitung oder jegliche andere Art der Verwertung au\u00dferhalb des deutschen Urheber- und Leistungsschutzrechts liegt, bedarf es einer schriftlichen Zustimmung des jeweiligen Erstellers. Unerlaubtes Kopieren oder Downloaden dieser Seiten ist ausschlie\u00dflich f\u00fcr den privaten Bereich, nicht jedoch f\u00fcr den kommerziellen, erlaubt. Sofern nicht wir als Betreiber auch als Ersteller der Inhalte fungieren, werden die Urheberrechte von Dritten beachtet. Wir sind stets bem\u00fcht solche Inhalte als Inhalte Dritter zu kennzeichnen. Wir bitten Sie f\u00fcr den Fall, dass\u00a0Ihnen trotz sorgf\u00e4ltiger Arbeit unsererseits, eine Urheberrechtsverletzung auff\u00e4llt, uns\u00a0entsprechend darauf hinzuweisen, sodass die Entfernung dieser Inhalte umgehend veranlasst werden kann.<\/p>\n<p style=\"text-align: justify;\"><strong>Datenschutz<\/strong><\/p>\n<p style=\"text-align: justify;\">Die Nutzung dieser Webseite ist regelm\u00e4\u00dfig ohne Angabe personenbezogener Daten m\u00f6glich. Sollten solche personenbezogenen Daten auf dieser Webseite dennoch erhoben werden, so erfolgt dies in Form einer freiwilligen Datenangabe durch den Nutzer. Eine Weitergabe der personenbezogenen Daten an Dritte erfolgt nicht, sofern keine ausdr\u00fcckliche Zustimmung des Nutzers abgegeben wurde. Sofern auf unseren Webseiten personenbezogene Daten erhoben werden, vollzieht sich die Erhebung dieser Daten stets im Rahmen der Bestimmung des Datenschutzrechtes der Bunderepublik Deutschland. Sofern personenbezogene Daten erhoben werden, k\u00f6nnen Sie dieser\u00a0Datenschutzerkl\u00e4rung die Art, den Umfang und den Zweck der Erhebung und Verwendung personenbezogener Daten entnehmen.<\/p>\n<p style=\"text-align: justify;\">Bitte beachten Sie, dass trotz gr\u00f6\u00dfter Sorgfalt die Daten\u00fcbertragung im Internet stets mit Risiken, die auf Sicherheitsl\u00fccken basieren, verbunden ist. Der uneingeschr\u00e4nkte Schutz von Daten ist daher unm\u00f6glich.<\/p>\n<p style=\"text-align: justify;\"><strong>Daten\u00fcbermittlung<\/strong><\/p>\n<p style=\"text-align: justify;\">Bei einem Zugriff Ihrerseits auf unsere Webseiten erfolgt eine automatische Daten\u00fcbermittlung von Ihrem Browser an unseren Webserver. Gegenstand dieser \u00dcbermittlung sind anonymisierte Zugriffsdaten ohne Personenbezug, wie etwa Datum und Uhrzeit, Browsertyp, Menge und Art der abgerufenen Daten sowie Ihre IP-Adresse. Die Speicherung dieser Daten geschieht getrennt von etwaigen anderen, im Rahmen der Nutzung unserer Webseiten durch Sie, erhobenen Daten. Diese Daten k\u00f6nnen nicht dazu verwendet werden eine konkrete Person zu bestimmen. Die Erhebung dieser Daten findet lediglich zur Protokollierung des Benutzerverhaltens und zu statistischen Zwecken statt. Nach einer entsprechenden Auswertung wird eine L\u00f6schung der Daten veranlasst.<\/p>\n<p style=\"text-align: justify;\"><strong>Cookies<\/strong><\/p>\n<p style=\"text-align: justify;\">Zu Zwecken der Qualit\u00e4tssicherung und Erweiterung des Funktionsumfangs unseres Internetangebots verwenden wir auf unseren Webseiten sog. Cookies. Dabei handelt es sich um Textdateien, die auf dem Rechner des Nutzers gespeichert werden. Durch Cookies kann die Anzahl der Seitenbesuche festgestellt werden. Diese Informationen verwenden wir ausschlie\u00dflich zur Verbesserung unserer Webseiten.<\/p>\n<p style=\"text-align: justify;\"><strong>Bestandsdaten<\/strong><\/p>\n<p style=\"text-align: justify;\">Bei der Begr\u00fcndung, inhaltlichen Ausgestaltung oder \u00c4nderung eines Vertragsverh\u00e4ltnisses zwischen Ihnen und uns, erheben und verwenden wir, im Rahmen der Erforderlichkeit, personenbezogene Daten von Ihnen, sog. Bestandsdaten. In der Regel erfolgt keine Weitergabe oder Auskunftserteilung an Dritte. Auf Anordnung der zust\u00e4ndigen Stellen sind wir gehalten, soweit es zu Zwecken der Strafverfolgung, der Gefahrenabwehr oder zur Erf\u00fcllung weiterer gesetzlicher Aufgaben erforderlich ist, Auskunft \u00fcber personenbezogene Daten zu erteilen.<\/p>\n<p style=\"text-align: justify;\"><strong>Nutzungsdaten<\/strong><\/p>\n<p style=\"text-align: justify;\">Soweit erforderlich, erheben und verwenden wir sog. Nutzungsdaten von Ihnen. Dabei handelt es sich um personenbezogene Daten, die die Inanspruchnahme unseres Internetangebots sowie die Abrechnung erm\u00f6glichen. Dabei werden Daten erfasst, die sowohl die zeitlichen Kriterien der Nutzung unseres Angebots durch Sie enthalten, als auch den Umfang der Nutzung und Ihre Identifikationsmerkmale. Wir weisen Sie darauf hin, dass es uns zu Werbezwecken, zu Zwecken der Marktforschung sowie zur Gestaltung unseres Internetangebots gestattet ist, Nutzungsprofile d.h. zusammengestellte Daten \u00fcber den Verlauf von Besuchen auf unseren Seiten zu generieren. Diese Nutzungsprofile geben keinen Aufschluss \u00fcber Ihre Person und werden auch nicht mit etwaigen anderen, von uns erhobenen Daten, zusammengef\u00fchrt, sodass auch eine Personenidentifikation durch das Zusammenf\u00fchren verschiedener Daten nicht erfolgen kann. Sie haben jederzeit das Recht, einer solchen Verwendung Ihrer Daten zu widersprechen.<\/p>\n<p style=\"text-align: justify;\"><strong>Auskunftsrecht<\/strong><\/p>\n<p style=\"text-align: justify;\">Wir weisen Sie darauf hin, dass Sie das Recht haben, eine Auskunft von uns \u00fcber die von Ihnen gespeicherten Daten zu verlangen und im Fall der Unrichtigkeit der Daten eine Sperrung, L\u00f6schung oder Berichtigung zu veranlassen. Die Auskunftserteilung ist sowohl telefonisch als auch elektronisch m\u00f6glich.<\/p>\n<p style=\"text-align: justify;\"><strong>\u00c4nderungen der Datenschutzerkl\u00e4rung<\/strong><\/p>\n<p style=\"text-align: justify;\">Sollten zuk\u00fcnftig \u00c4nderungen unserer Datenschutzerkl\u00e4rung vorgenommen werden, so werden die \u00c4nderungen stets auf diesen Seiten zu finden sein.<\/p>\n","protected":false},"excerpt":{"rendered":"<p>Haftung f\u00fcr Inhalte Die Erstellung der Inhalte dieser Webseite erfolgte mit gr\u00f6\u00dftm\u00f6glicher Sorgfalt. Allerdings k\u00f6nnen wir keine Gew\u00e4hr f\u00fcr die Vollst\u00e4ndigkeit der bereitgestellten Inhalte, ihre Aktualit\u00e4t sowie Richtigkeit \u00fcbernehmen. Gem. \u00a7\u00a7 8 &#8211; 10 TMG trifft uns als Dienstanbieter keine Pflicht, fremde Informationen, die \u00fcbermittelt oder gespeichert wurden, zu \u00fcberwachen oder nach Anhaltspunkten und Umst\u00e4nden &#8230; <a title=\"Datenschutz\" class=\"read-more\" href=\"https:\/\/www.bengt-thomson.de\/en\/contact\/datenschutz\/\" aria-label=\"Read more about Datenschutz\">Read more<\/a><\/p>\n","protected":false},"author":1,"featured_media":0,"parent":567,"menu_order":0,"comment_status":"closed","ping_status":"closed","template":"page-full.php","meta":{"footnotes":""},"class_list":["post-603","page","type-page","status-publish"],"_links":{"self":[{"href":"https:\/\/www.bengt-thomson.de\/en\/wp-json\/wp\/v2\/pages\/603","targetHints":{"allow":["GET"]}}],"collection":[{"href":"https:\/\/www.bengt-thomson.de\/en\/wp-json\/wp\/v2\/pages"}],"about":[{"href":"https:\/\/www.bengt-thomson.de\/en\/wp-json\/wp\/v2\/types\/page"}],"author":[{"embeddable":true,"href":"https:\/\/www.bengt-thomson.de\/en\/wp-json\/wp\/v2\/users\/1"}],"replies":[{"embeddable":true,"href":"https:\/\/www.bengt-thomson.de\/en\/wp-json\/wp\/v2\/comments?post=603"}],"version-history":[{"count":0,"href":"https:\/\/www.bengt-thomson.de\/en\/wp-json\/wp\/v2\/pages\/603\/revisions"}],"up":[{"embeddable":true,"href":"https:\/\/www.bengt-thomson.de\/en\/wp-json\/wp\/v2\/pages\/567"}],"wp:attachment":[{"href":"https:\/\/www.bengt-thomson.de\/en\/wp-json\/wp\/v2\/media?parent=603"}],"curies":[{"name":"wp","href":"https:\/\/api.w.org\/{rel}","templated":true}]}}