{"id":601,"date":"2016-02-19T18:12:05","date_gmt":"2016-02-19T17:12:05","guid":{"rendered":"http:\/\/www.bengt-thomson.de\/WORDPRESS\/en\/?page_id=601"},"modified":"2018-05-20T12:51:22","modified_gmt":"2018-05-20T10:51:22","slug":"impressum","status":"publish","type":"page","link":"https:\/\/www.bengt-thomson.de\/en\/contact\/impressum\/","title":{"rendered":"Impressum"},"content":{"rendered":"<h2>Angaben gem\u00e4\u00df \u00a7 5 TMG:<\/h2>\n<p>F\u00fcr diese Pr\u00e4sentation i. S. des geltenden Rechts ist verantwortlich<\/p>\n<p><strong>Bengt Thomson <\/strong><br \/>\n<strong>Heilpraktiker<\/strong><\/p>\n<p>Ole Hoop 5<br \/>\nD-22587 Hamburg<\/p>\n<p>Tel. +49 (0)40 \u2013 2395 3333<br \/>\ninfo(at) flowofenergy.de, das (at) ist durch ein @ zu ersetzen<\/p>\n<h2>Kontakt:<\/h2>\n<p>Telefon: +49 (0)40 \u2013 2395 3333<br \/>\nE-Mail: info(at) flowofenergy.de, das (at) ist durch ein @ zu ersetzen<\/p>\n<h2>Aufsichtsbeh\u00f6rde:<\/h2>\n<p>Gesundheitsamt Hamburg-Altona<br \/>\nPlatz der Republik 1, 22765 Hamburg<\/p>\n<p><a href=\"http:\/\/www.hamburg.de\/altona\/gesundheit\/685584\/gesundheitsamt-altona\/\">www.hamburg.de\/altona\/gesundheit\/685584\/gesundheitsamt-altona<\/a><\/p>\n<p><strong>Berufsbezeichnung:<\/strong> Heilpraktiker, Erlaubnis erteilt in Berlin\/Deutschland<br \/>\n<strong>Berufliche Regelungen: <\/strong>Gesetz \u00fcber die berufsm\u00e4\u00dfige Aus\u00fcbung der Heilkunde ohne \u00e4rztliche Bestallung (Heilpraktikergesetz) und Durchf\u00fchrungsverordnung, einzusehen unter www.gesetze-im-internet.de\/bundesrecht\/heilprgdv_1\/gesamt.pdf<\/p>\n<p><strong>Name der Websites<\/strong>: www.bengt-thomson.de; www.flowofenergy.de<br \/>\n<strong>Finanzamt<\/strong>: Hamburg-Am Tierpark<\/p>\n<p><strong>Umsatzsteuer ID:<\/strong> Umsatzsteuerbefreiung nach \u00a7 4 Nr. 14 Buchst. a UStG<br \/>\n<strong>Berufsverband:<\/strong>Freier Verband deutscher Heilpraktiker, Weseler Str. 19, 48151 M\u00fcnster; Mitglied 2076, www.fvdh.de<br \/>\n<strong>Berufsaufsicht: <\/strong>Gesundheitsamt Hamburg-Altona, Platz der Republik 1, 22765 Hamburg<strong><br \/>\n<\/strong>Tel: 040 42828-0, http:\/\/www.hamburg.de\/altona\/gesundheit\/685584\/gesundheitsamt-altona\/<\/p>\n<h2>Angaben zur Berufshaftpflichtversicherung<\/h2>\n<p>Name und Sitz des Versicherers:<br \/>\nContinentale Sachversicherung AG, Ruhrallee 92, 44139 Dortmund<br \/>\nGeltungsraum der Versicherung: Bundesrepublik Deutschland<\/p>\n<h2>Verantwortlich f\u00fcr den Inhalt nach \u00a7 55 Abs. 2 RStV:<\/h2>\n<p>Bengt Thomson<br \/>\nHeilpraktiker<br \/>\nOle Hoop 5<br \/>\nD-22587 Hamburg<\/p>\n<h2>Streitschlichtung<\/h2>\n<p>Die Europ\u00e4ische Kommission stellt eine Plattform zur Online-Streitbeilegung (OS) bereit: <a href=\"https:\/\/ec.europa.eu\/consumers\/odr\">https:\/\/ec.europa.eu\/consumers\/odr<\/a>.<br \/>\nUnsere E-Mail-Adresse finden Sie oben im Impressum. Wir sind nicht bereit oder verpflichtet, an Streitbeilegungsverfahren vor einer Verbraucherschlichtungsstelle teilzunehmen.<\/p>\n<h2>Haftungsausschluss (Disclaimer)<\/h2>\n<h4>Haftung f\u00fcr Inhalte<\/h4>\n<p>Als Diensteanbieter sind wir gem\u00e4\u00df \u00a7 7 Abs.1 TMG f\u00fcr eigene Inhalte auf diesen Seiten nach den allgemeinen Gesetzen verantwortlich. Nach \u00a7\u00a7 8 bis 10 TMG sind wir als Diensteanbieter jedoch nicht verpflichtet, \u00fcbermittelte oder gespeicherte fremde Informationen zu \u00fcberwachen oder nach Umst\u00e4nden zu forschen, die auf eine rechtswidrige T\u00e4tigkeit hinweisen. Verpflichtungen zur Entfernung oder Sperrung der Nutzung von Informationen nach den allgemeinen Gesetzen bleiben hiervon unber\u00fchrt. Eine diesbez\u00fcgliche Haftung ist jedoch erst ab dem Zeitpunkt der Kenntnis einer konkreten Rechtsverletzung m\u00f6glich. Bei Bekanntwerden von entsprechenden Rechtsverletzungen werden wir diese Inhalte umgehend entfernen. Eine Gew\u00e4hr f\u00fcr die Korrektheit, Vollst\u00e4ndigkeit, Qualit\u00e4t oder letzte Aktualit\u00e4t der Angaben bzw. bereitgestellten Informationen kann trotz st\u00e4ndiger, sorgf\u00e4ltiger Pr\u00fcfung nicht \u00fcbernommen werden.<\/p>\n<p>Die Naturheilpraxis Thomson h\u00e4lt den Inhalt der Seite aktuell. Eine Gew\u00e4hr f\u00fcr die Korrektheit, Vollst\u00e4ndigkeit, Qualit\u00e4t oder letzte Aktualit\u00e4t der Angaben bzw. bereitgestellten Informationen kann trotz st\u00e4ndiger, sorgf\u00e4ltiger Pr\u00fcfung nicht \u00fcbernommen werden.<\/p>\n<h3>Haftung f\u00fcr Links<\/h3>\n<p>Unser Angebot enth\u00e4lt Links zu externen Websites Dritter, auf deren Inhalte wir keinen Einfluss haben. Deshalb k\u00f6nnen wir f\u00fcr diese fremden Inhalte auch keine Gew\u00e4hr \u00fcbernehmen. F\u00fcr die Inhalte der verlinkten Seiten ist stets der jeweilige Anbieter oder Betreiber der Seiten verantwortlich. Die verlinkten Seiten wurden zum Zeitpunkt der Verlinkung auf m\u00f6gliche Rechtsverst\u00f6\u00dfe \u00fcberpr\u00fcft. Rechtswidrige Inhalte waren zum Zeitpunkt der Verlinkung nicht erkennbar.<\/p>\n<p>Eine permanente inhaltliche Kontrolle der verlinkten Seiten ist jedoch ohne konkrete Anhaltspunkte einer Rechtsverletzung nicht zumutbar. Bei Bekanntwerden von Rechtsverletzungen werden wir derartige Links umgehend entfernen.<\/p>\n<p>Verweise auf andere Seiten k\u00f6nnen unkorrekt sein, da es im Internet h\u00e4ufige Ver\u00e4nderungen gibt. Naturheilpraxis Thomson \u00fcbernimmt keine Verantwortung f\u00fcr den Inhalt, f\u00fcr die Rechtm\u00e4\u00dfigkeit oder die Erf\u00fcllung von Urheberrechtsbestimmungen der verlinkten Seiten sowie f\u00fcr die Aktualit\u00e4t der verwiesenen Angebote.<\/p>\n<h3>Urheberrecht<\/h3>\n<p>Die durch die Seitenbetreiber erstellten Inhalte und Werke auf diesen Seiten unterliegen dem deutschen Urheberrecht. Die Vervielf\u00e4ltigung, Bearbeitung, Verbreitung und jede Art der Verwertung au\u00dferhalb der Grenzen des Urheberrechtes bed\u00fcrfen der schriftlichen Zustimmung des jeweiligen Autors bzw. Erstellers. Downloads und Kopien dieser Seite sind nur f\u00fcr den privaten, nicht kommerziellen Gebrauch gestattet. Texte, Bilder, Grafiken sowie Layout dieser Seiten unterliegen weltweitem Urheberrecht. Unerlaubte Verwendung, Reproduktion oder Weitergabe einzelner Inhalte oder kompletter Seiten werden sowohl straf- als auch zivilrechtlich verfolgt. Die Vervielf\u00e4ltigung von Informationen oder Daten, insbesondere die Verwendung von Texten, Textteilen oder Bildmaterial, bedarf der vorherigen ausdr\u00fccklichen Zustimmung der Naturheilpraxis Thomson.<\/p>\n<p>Soweit die Inhalte auf dieser Seite nicht vom Betreiber erstellt wurden, werden die Urheberrechte Dritter beachtet. Insbesondere werden Inhalte Dritter als solche gekennzeichnet. Sollten Sie trotzdem auf eine Urheberrechtsverletzung aufmerksam werden, bitten wir um einen entsprechenden Hinweis. Bei Bekannt werden von Rechtsverletzungen werden wir derartige Inhalte umgehend entfernen.<\/p>\n<h2><strong>Programmierung<\/strong><\/h2>\n<p>Carmen Smida iT &amp; design, <a href=\"http:\/\/www.smida.de\">www.smida.de<\/a><\/p>\n<p><strong>Foto-\/Bildnachweis<\/strong><\/p>\n<p>\u00a9Daniel van Eendenburg<br \/>\n\u00a9Bengt Thomson<\/p>\n","protected":false},"excerpt":{"rendered":"<p>Angaben gem\u00e4\u00df \u00a7 5 TMG: F\u00fcr diese Pr\u00e4sentation i. S. des geltenden Rechts ist verantwortlich Bengt Thomson Heilpraktiker Ole Hoop 5 D-22587 Hamburg Tel. +49 (0)40 \u2013 2395 3333 info(at) flowofenergy.de, das (at) ist durch ein @ zu ersetzen Kontakt: Telefon: +49 (0)40 \u2013 2395 3333 E-Mail: info(at) flowofenergy.de, das (at) ist durch ein @ &#8230; <a title=\"Impressum\" class=\"read-more\" href=\"https:\/\/www.bengt-thomson.de\/en\/contact\/impressum\/\" aria-label=\"Read more about Impressum\">Read more<\/a><\/p>\n","protected":false},"author":1,"featured_media":0,"parent":567,"menu_order":0,"comment_status":"closed","ping_status":"closed","template":"","meta":{"footnotes":""},"class_list":["post-601","page","type-page","status-publish"],"_links":{"self":[{"href":"https:\/\/www.bengt-thomson.de\/en\/wp-json\/wp\/v2\/pages\/601","targetHints":{"allow":["GET"]}}],"collection":[{"href":"https:\/\/www.bengt-thomson.de\/en\/wp-json\/wp\/v2\/pages"}],"about":[{"href":"https:\/\/www.bengt-thomson.de\/en\/wp-json\/wp\/v2\/types\/page"}],"author":[{"embeddable":true,"href":"https:\/\/www.bengt-thomson.de\/en\/wp-json\/wp\/v2\/users\/1"}],"replies":[{"embeddable":true,"href":"https:\/\/www.bengt-thomson.de\/en\/wp-json\/wp\/v2\/comments?post=601"}],"version-history":[{"count":0,"href":"https:\/\/www.bengt-thomson.de\/en\/wp-json\/wp\/v2\/pages\/601\/revisions"}],"up":[{"embeddable":true,"href":"https:\/\/www.bengt-thomson.de\/en\/wp-json\/wp\/v2\/pages\/567"}],"wp:attachment":[{"href":"https:\/\/www.bengt-thomson.de\/en\/wp-json\/wp\/v2\/media?parent=601"}],"curies":[{"name":"wp","href":"https:\/\/api.w.org\/{rel}","templated":true}]}}