{"id":552,"date":"2016-02-19T16:19:58","date_gmt":"2016-02-19T15:19:58","guid":{"rendered":"http:\/\/www.bengt-thomson.de\/WORDPRESS\/en\/?page_id=552"},"modified":"2024-01-23T19:37:47","modified_gmt":"2024-01-23T18:37:47","slug":"books","status":"publish","type":"page","link":"https:\/\/www.bengt-thomson.de\/en\/books\/","title":{"rendered":"Books and CD\/MP3 download"},"content":{"rendered":"\n<h3 class=\"wp-block-heading\"><a href=\"https:\/\/www.amazon.com\/dp\/B007WMONIY\" target=\"_blank\" rel=\"noopener\"><img loading=\"lazy\" decoding=\"async\" class=\"alignleft wp-image-1050 size-full\" src=\"https:\/\/www.bengt-thomson.de\/wp-content\/uploads\/2016\/02\/E-Book-A4_EN.jpg\" alt=\"A little Souls Visit Bengt Thomson\" width=\"200\" height=\"283\" srcset=\"https:\/\/www.bengt-thomson.de\/wp-content\/uploads\/2016\/02\/E-Book-A4_EN.jpg 200w, https:\/\/www.bengt-thomson.de\/wp-content\/uploads\/2016\/02\/E-Book-A4_EN-187x265.jpg 187w\" sizes=\"auto, (max-width: 200px) 100vw, 200px\" \/><\/a>Book: A little souls visit<\/h3>\n\n\n\n<p>I wrote this book is for anyone who experienced a miscarriage or an abortion and wants to understand why this occured in his life. With my clients I found very often, that a lot of therapeutic work was done on this topic, not always leading to a complete solution. The book contains a story, which will help you understand the event, and a healing meditation, which will guide you back to inner peace with it. Note: Healing meditations are not scientificaly prooved nor accepted by the established school medicine.<\/p>\n\n\n\n<p>In the story a young soul asks an elder, experienced soul questions about life on earth. She wants to know why it is possible for a soul to visit earth only for a very short time. A powerful healing meditation follows the story. It is very helpful for healing unresolved issues around a miscarriage or abortion, and to free any blocked energy around it. &gt;&gt;&gt; <a href=\"http:\/\/www.amazon.com\/dp\/B007WMONIY\" target=\"_blank\" rel=\"noopener\">Amazon link to the book<\/a><\/p>\n\n\n\n<p class=\"has-contrast-2-color has-text-color has-link-color wp-elements-154b530b35960535f5f36f680d50f618\"><em>Heilmeditationen sind wissenschaftlich-schulmedizinisch weder anerkannt noch bewiesen. Die o.g. Aussagen beruhen einzig auf eigenen Erfahrungen.<\/em><\/p>\n\n\n\n<div style=\"height:20px\" aria-hidden=\"true\" class=\"wp-block-spacer\"><\/div>\n\n\n\n<h3 class=\"wp-block-heading\"><a href=\"https:\/\/www.amazon.de\/Besuch-einer-kleinen-Seele-Thomson\/dp\/B01N0KPLUO\/ref=sr_1_2_twi_aud_2?ie=UTF8&amp;qid=1480878333&amp;sr=8-2&amp;keywords=besuch+einer+kleinen+Seele\" target=\"_blank\" rel=\"noopener\"><img loading=\"lazy\" decoding=\"async\" class=\"alignleft wp-image-1047 size-full\" src=\"https:\/\/www.bengt-thomson.de\/wp-content\/uploads\/2017\/01\/Besuch_einer_kleinen_Seele_von_Bengt_Thomson-200.jpg\" alt=\"\" width=\"200\" height=\"283\"><\/a>CD: A little souls visit<\/h3>\n\n\n\n<p>Story and healing meditation for people, who made the experience of an misscarriage or abortion and who want to heal this incident. Note: Healing meditations are not scientifically prooved nor accepted by the established school medicine.<\/p>\n\n\n\n<p><strong>The story:&nbsp;<\/strong>A little soul, who wants to experience life on earth for the first time receives instructions from an elder soul. It also gets to know, that some souls visit the earth only for a short period of time.<\/p>\n\n\n\n<p><strong>The Healing Meditation: <\/strong>Note: Healing meditations are not scientifically prooved nor accepted by the established school medicine. This is a guided healing meditation with relaxing music in the background. It helps to process the experience and to transform it. With the CD sound come very high vibrations, that support the healing.\u00a0>>> <a href=\"https:\/\/www.amazon.de\/Besuch-einer-kleinen-Seele-Thomson\/dp\/B01N0KPLUO\/ref=sr_1_2_twi_aud_2?ie=UTF8&amp;qid=1480878333&amp;sr=8-2&amp;keywords=besuch+einer+kleinen+Seele\" target=\"_blank\" rel=\"noopener\">Amazon link to\u00a0the CD<\/a>\/MP3<\/p>\n\n\n\n<p class=\"has-contrast-2-color has-text-color has-link-color wp-elements-154b530b35960535f5f36f680d50f618\"><em>Heilmeditationen sind wissenschaftlich-schulmedizinisch weder anerkannt noch bewiesen. Die o.g. Aussagen beruhen einzig auf eigenen Erfahrungen.<\/em><\/p>\n\n\n\n<div style=\"height:20px\" aria-hidden=\"true\" class=\"wp-block-spacer\"><\/div>\n\n\n\n<h3 class=\"wp-block-heading\"><a href=\"https:\/\/www.amazon.de\/Der-kleine-Himmelb%C3%A4r-ebook\/dp\/B007WMKYXW\/ref=sr_1_1?ie=UTF8&amp;qid=1336476643&amp;sr=8-1\" target=\"_blank\" rel=\"noopener\"><img loading=\"lazy\" decoding=\"async\" class=\"alignleft wp-image-173\" src=\"https:\/\/www.bengt-thomson.de\/wp-content\/uploads\/2016\/01\/Der_kleine_Himmelbaer-250x300.jpg\" alt=\"Der kleine Himmelb\u00e4r, Buch von Bengt Thomson\" width=\"200\" height=\"240\" srcset=\"https:\/\/www.bengt-thomson.de\/wp-content\/uploads\/2016\/01\/Der_kleine_Himmelbaer-250x300.jpg 250w, https:\/\/www.bengt-thomson.de\/wp-content\/uploads\/2016\/01\/Der_kleine_Himmelbaer-220x264.jpg 220w, https:\/\/www.bengt-thomson.de\/wp-content\/uploads\/2016\/01\/Der_kleine_Himmelbaer-187x225.jpg 187w, https:\/\/www.bengt-thomson.de\/wp-content\/uploads\/2016\/01\/Der_kleine_Himmelbaer.jpg 416w\" sizes=\"auto, (max-width: 200px) 100vw, 200px\" \/><\/a>Der kleine Himmelb\u00e4r<\/h3>\n\n\n\n<p><strong>(The little bear from heaven, available only in German)<\/strong><\/p>\n\n\n\n<p>Der kleine Himmelb\u00e4r lebt mit seiner Familie und anderen Himelb\u00e4ren ganz oben in den Himmelb\u00e4umen. Als er von den H\u00f6hlenb\u00e4ren unten auf der Erde h\u00f6rt m\u00f6chte er gerne den Himmelbaum hinunterklettern, um sie kennen zu lernen. Denn er hat geh\u00f6rt, dass sie vielleicht in&nbsp; Schwierigkeiten sind und m\u00f6chte gerne helfen. Und das tut er dann auch. &gt;&gt;&gt; <a href=\"http:\/\/www.amazon.de\/Der-kleine-Himmelb%C3%A4r-ebook\/dp\/B007WMKYXW\/ref=sr_1_1?ie=UTF8&amp;qid=1336476643&amp;sr=8-1\" target=\"_blank\" rel=\"noopener\">Amazon link<\/a><\/p>\n","protected":false},"excerpt":{"rendered":"<p>Book: A little souls visit I wrote this book is for anyone who experienced a miscarriage or an abortion and wants to understand why this occured in his life. With my clients I found very often, that a lot of therapeutic work was done on this topic, not always leading to a complete solution. The &#8230; <a title=\"Books and CD\/MP3 download\" class=\"read-more\" href=\"https:\/\/www.bengt-thomson.de\/en\/books\/\" aria-label=\"Read more about Books and CD\/MP3 download\">Read more<\/a><\/p>\n","protected":false},"author":1,"featured_media":0,"parent":0,"menu_order":0,"comment_status":"closed","ping_status":"closed","template":"","meta":{"footnotes":""},"class_list":["post-552","page","type-page","status-publish"],"_links":{"self":[{"href":"https:\/\/www.bengt-thomson.de\/en\/wp-json\/wp\/v2\/pages\/552","targetHints":{"allow":["GET"]}}],"collection":[{"href":"https:\/\/www.bengt-thomson.de\/en\/wp-json\/wp\/v2\/pages"}],"about":[{"href":"https:\/\/www.bengt-thomson.de\/en\/wp-json\/wp\/v2\/types\/page"}],"author":[{"embeddable":true,"href":"https:\/\/www.bengt-thomson.de\/en\/wp-json\/wp\/v2\/users\/1"}],"replies":[{"embeddable":true,"href":"https:\/\/www.bengt-thomson.de\/en\/wp-json\/wp\/v2\/comments?post=552"}],"version-history":[{"count":5,"href":"https:\/\/www.bengt-thomson.de\/en\/wp-json\/wp\/v2\/pages\/552\/revisions"}],"predecessor-version":[{"id":2077,"href":"https:\/\/www.bengt-thomson.de\/en\/wp-json\/wp\/v2\/pages\/552\/revisions\/2077"}],"wp:attachment":[{"href":"https:\/\/www.bengt-thomson.de\/en\/wp-json\/wp\/v2\/media?parent=552"}],"curies":[{"name":"wp","href":"https:\/\/api.w.org\/{rel}","templated":true}]}}